{"id":18,"date":"2019-11-18T00:55:46","date_gmt":"2019-11-18T00:55:46","guid":{"rendered":"https:\/\/13.57.185.177\/?page_id=18"},"modified":"2024-05-07T19:57:41","modified_gmt":"2024-05-08T02:57:41","slug":"about-me","status":"publish","type":"page","link":"https:\/\/pbacalhau.com\/","title":{"rendered":"About Me"},"content":{"rendered":"\n<div class=\"wp-block-media-text alignwide has-media-on-the-right is-vertically-aligned-center is-stacked-on-mobile\" style=\"grid-template-columns:auto 42%\"><div class=\"wp-block-media-text__content\">\n<p>Welcome to my corner of the internet! I&#8217;m Priscilla Bacalhau, Ph.D., an economist with a passion for international development, impact evaluation, and policy analysis.<\/p>\n\n\n\n<p>With a doctorate and master&#8217;s degree in Economics from the S\u00e3o Paulo School of Economics at Funda\u00e7\u00e3o Get\u00falio Vargas, my academic journey has been shaped by a deep commitment to leveraging research for social change. Throughout my career spanning over a decade, I&#8217;ve been driven by the belief that rigorous social research can empower policymakers and transform communities&#8217; lives for the better.<\/p>\n<\/div><figure class=\"wp-block-media-text__media\"><img loading=\"lazy\" decoding=\"async\" width=\"821\" height=\"1024\" src=\"http:\/\/www.pbacalhau.com\/wp-content\/uploads\/49-IMG_6127-copy-821x1024.jpg\" alt=\"\" class=\"wp-image-247 size-full\" srcset=\"https:\/\/pbacalhau.com\/wp-content\/uploads\/49-IMG_6127-copy-821x1024.jpg 821w, https:\/\/pbacalhau.com\/wp-content\/uploads\/49-IMG_6127-copy-241x300.jpg 241w, https:\/\/pbacalhau.com\/wp-content\/uploads\/49-IMG_6127-copy-768x958.jpg 768w, https:\/\/pbacalhau.com\/wp-content\/uploads\/49-IMG_6127-copy-1232x1536.jpg 1232w, https:\/\/pbacalhau.com\/wp-content\/uploads\/49-IMG_6127-copy-1642x2048.jpg 1642w, https:\/\/pbacalhau.com\/wp-content\/uploads\/49-IMG_6127-copy.jpg 1752w\" sizes=\"(max-width: 821px) 100vw, 821px\" \/><\/figure><\/div>\n\n\n\n<div class=\"wp-block-group\"><div class=\"wp-block-group__inner-container is-layout-flow wp-block-group-is-layout-flow\">\n<p>My professional trajectory has seen me wear many hats \u2013 from conducting impact evaluations of public policies and social projects to providing technical assistance to governments and organizations in the education sector. I&#8217;ve honed my skills in both qualitative and quantitative research methodologies, from study design and instrument development to data analysis and systematization.<\/p>\n\n\n\n<p>As a consultant for esteemed institutions like World Bank, UNICEF, UNDP, Funda\u00e7\u00e3o Lemann, and Ita\u00fa Social, I&#8217;ve had the privilege of collaborating with diverse stakeholders to address complex social challenges. My time as a visiting student researcher at Stanford University&#8217;s Graduate School of Education further broadened my perspectives and deepened my commitment to advancing equitable education systems.<\/p>\n\n\n\n<p>I&#8217;m excited to continue my journey of making a positive impact, armed with a blend of academic rigor, practical experience, and a relentless drive to create change. Join me as we embark on a journey to harness the power of research to build a more equitable and prosperous world for all.<\/p>\n\n\n\n<p>Thank you for visiting, and I look forward to connecting with fellow professionals and changemakers alike!<\/p>\n<\/div><\/div>\n\n\n\n<div data-wp-interactive=\"core\/file\" class=\"wp-block-file\"><object data-wp-bind--hidden=\"!state.hasPdfPreview\"  class=\"wp-block-file__embed\" data=\"http:\/\/www.pbacalhau.com\/wp-content\/uploads\/Resume_PriscillaBacalhau_202402-1.pdf\" type=\"application\/pdf\" style=\"width:100%;height:600px\" aria-label=\"Embed of Resume_PriscillaBacalhau_202402-1.\"><\/object><a id=\"wp-block-file--media-7138ed82-ae14-4dbb-947b-870054b7ff48\" href=\"http:\/\/www.pbacalhau.com\/wp-content\/uploads\/Resume_PriscillaBacalhau_202402-1.pdf\" target=\"_blank\" rel=\"noreferrer noopener\">Resume_PriscillaBacalhau_202402-1<\/a><a href=\"http:\/\/www.pbacalhau.com\/wp-content\/uploads\/Resume_PriscillaBacalhau_202402-1.pdf\" class=\"wp-block-file__button wp-element-button\" download aria-describedby=\"wp-block-file--media-7138ed82-ae14-4dbb-947b-870054b7ff48\">Download<\/a><\/div>\n","protected":false},"excerpt":{"rendered":"<div class=\"mh-excerpt\"><p>Welcome to my corner of the internet! I&#8217;m Priscilla Bacalhau, Ph.D., an economist with a passion for international development, impact evaluation, and policy analysis. With <a class=\"mh-excerpt-more\" href=\"https:\/\/pbacalhau.com\/\" title=\"About Me\">[&#8230;]<\/a><\/p>\n<\/div>","protected":false},"author":1,"featured_media":47,"parent":0,"menu_order":0,"comment_status":"closed","ping_status":"closed","template":"","meta":{"footnotes":""},"_links":{"self":[{"href":"https:\/\/pbacalhau.com\/index.php?rest_route=\/wp\/v2\/pages\/18"}],"collection":[{"href":"https:\/\/pbacalhau.com\/index.php?rest_route=\/wp\/v2\/pages"}],"about":[{"href":"https:\/\/pbacalhau.com\/index.php?rest_route=\/wp\/v2\/types\/page"}],"author":[{"embeddable":true,"href":"https:\/\/pbacalhau.com\/index.php?rest_route=\/wp\/v2\/users\/1"}],"replies":[{"embeddable":true,"href":"https:\/\/pbacalhau.com\/index.php?rest_route=%2Fwp%2Fv2%2Fcomments&post=18"}],"version-history":[{"count":19,"href":"https:\/\/pbacalhau.com\/index.php?rest_route=\/wp\/v2\/pages\/18\/revisions"}],"predecessor-version":[{"id":248,"href":"https:\/\/pbacalhau.com\/index.php?rest_route=\/wp\/v2\/pages\/18\/revisions\/248"}],"wp:featuredmedia":[{"embeddable":true,"href":"https:\/\/pbacalhau.com\/index.php?rest_route=\/wp\/v2\/media\/47"}],"wp:attachment":[{"href":"https:\/\/pbacalhau.com\/index.php?rest_route=%2Fwp%2Fv2%2Fmedia&parent=18"}],"curies":[{"name":"wp","href":"https:\/\/api.w.org\/{rel}","templated":true}]}}